{"id":978,"date":"2019-02-04T15:23:55","date_gmt":"2019-02-04T14:23:55","guid":{"rendered":"https:\/\/assurance-km.be\/?page_id=978"},"modified":"2021-02-04T15:33:28","modified_gmt":"2021-02-04T14:33:28","slug":"corona-direct-ou-yuzzu","status":"publish","type":"page","link":"https:\/\/assurance-km.be\/?page_id=978","title":{"rendered":"Corona Direct ou Yuzzu ?"},"content":{"rendered":"<p>[vc_row inner_container=\u00a0\u00bbtrue\u00a0\u00bb padding_top=\u00a0\u00bb0px\u00a0\u00bb padding_bottom=\u00a0\u00bb25px\u00a0\u00bb bg_video=\u00a0\u00bb\u00a0\u00bb class=\u00a0\u00bb\u00a0\u00bb style=\u00a0\u00bb\u00a0\u00bb][vc_column fade_animation_offset=\u00a0\u00bb45px\u00a0\u00bb][vc_column_text]<\/p>\n<h2>Corona Direct ou Yuzzu\u00a0 \ud83c\udde7\ud83c\uddea<\/h2>\n<p>Une question qui revient souvent, que choisir entre Corona Direct et Yuzzu pour une assurance auto en Belgique?. Les deux assureurs ont de tr\u00e8s bonne r\u00e9putations aupr\u00e8s des belge. Toutefois, il peut sembler qu&rsquo;il y ai certaines diff\u00e9rences dans les formules d&rsquo;assurances voiture propos\u00e9e. Comme par exemple avec la formule au kilom\u00e8tre.[\/vc_column_text]<div class=\"deeper-spacer clearfix\" data-config='{\"desktop\":70,\"mobile\":60,\"smobile\":60}'><\/div>[\/vc_column][\/vc_row][vc_row inner_container=\u00a0\u00bbtrue\u00a0\u00bb padding_top=\u00a0\u00bb0px\u00a0\u00bb padding_bottom=\u00a0\u00bb0px\u00a0\u00bb bg_video=\u00a0\u00bb\u00a0\u00bb class=\u00a0\u00bb\u00a0\u00bb style=\u00a0\u00bb\u00a0\u00bb][vc_column width=\u00a0\u00bb2\/3&Prime; fade_animation_offset=\u00a0\u00bb45px\u00a0\u00bb][vc_column_text]<\/p>\n<h3>Comparatif Corona et Yuzzu<\/h3>\n<p><img loading=\"lazy\" decoding=\"async\" class=\"alignnone size-full wp-image-448\" src=\"https:\/\/assurance-km.be\/wp-content\/uploads\/2017\/12\/km.gif\" alt=\"\" width=\"8\" height=\"11\" \/>\u00a0<b>Tout deux propose<\/b> la formule d&rsquo;assurance au kilom\u00e8tre.<\/p>\n<p><img loading=\"lazy\" decoding=\"async\" class=\"alignnone size-full wp-image-448\" src=\"https:\/\/assurance-km.be\/wp-content\/uploads\/2017\/12\/km.gif\" alt=\"\" width=\"8\" height=\"11\" \/>\u00a02 assureurs <b>connu et populaire <\/b>en Belgique<b>.<\/b><\/p>\n<p><img loading=\"lazy\" decoding=\"async\" class=\"alignnone size-full wp-image-448\" src=\"https:\/\/assurance-km.be\/wp-content\/uploads\/2017\/12\/km.gif\" alt=\"\" width=\"8\" height=\"11\" \/>\u00a0Chacun propose des<b> formules <\/b>par tranche de kilom\u00e8tre.<\/p>\n<h4>Chez qui est-il possible de souscrire une assurance en ligne :<\/h4>\n<p><img loading=\"lazy\" decoding=\"async\" class=\"alignnone size-full wp-image-448\" src=\"https:\/\/assurance-km.be\/wp-content\/uploads\/2017\/12\/km.gif\" alt=\"\" width=\"8\" height=\"11\" \/>\u00a0<a href=\"https:\/\/assurance-km.be\/assurance-auto-coronadirect\">Corona Direct<\/a><\/p>\n<p><img loading=\"lazy\" decoding=\"async\" class=\"alignnone size-full wp-image-448\" src=\"https:\/\/assurance-km.be\/wp-content\/uploads\/2017\/12\/km.gif\" alt=\"\" width=\"8\" height=\"11\" \/>\u00a0<a href=\"https:\/\/assurance-km.be\/simulation\/assurance-yuzzu\/\">Yuzzu<\/a><\/p>\n<p><img loading=\"lazy\" decoding=\"async\" class=\"alignnone size-full wp-image-448\" src=\"https:\/\/assurance-km.be\/wp-content\/uploads\/2017\/12\/km.gif\" alt=\"\" width=\"8\" height=\"11\" \/>\u00a0<a href=\"https:\/\/assurance-km.be\/simulation\/assurance-auto-dvv\/\">DVV Assurances<\/a><\/p>\n<h4>En ligne? la proc\u00e9dure est s\u00e9curis\u00e9e?<\/h4>\n<p>Oui, il ne faut pas s&rsquo;en faire pour cela. La m\u00e9thode en ligne existe depuis d\u00e9j\u00e0 quelques ann\u00e9es et est tr\u00e8s simple et ultra s\u00e9curis\u00e9. Aucun risque.<\/p>\n<p><strong>La proc\u00e9dure d&rsquo;une simulation en ligne (chez Corona Direct):\u00a0<\/strong><\/p>\n<ol>\n<li>\u00a0Remplir les informations concernant votre v\u00e9hicule.<\/li>\n<li>\u00a0Remplir les informations vous concernant (conducteur).<\/li>\n<li>\u00a0Le choix de l&rsquo;assurance RC et\/ou avec une Omnium<\/li>\n<\/ol>\n<p><img loading=\"lazy\" decoding=\"async\" class=\"alignnone size-full wp-image-448\" src=\"https:\/\/assurance-km.be\/wp-content\/uploads\/2017\/12\/km.gif\" alt=\"\" width=\"8\" height=\"11\" \/> Votre prime directement calcul\u00e9 en euros (\u20ac). Vous savez imm\u00e9diatement combien va vous co\u00fbter votre assurance auto.<\/p>\n<blockquote><p>\u00a0\u00bb Nous conseillons une souscription d&rsquo;assurance en ligne : rapide, facile &amp; avantageux\u00a0\u00bb<\/p><\/blockquote>\n<p>[\/vc_column_text]<div class=\"deeper-spacer clearfix\" data-config='{\"desktop\":100,\"mobile\":60,\"smobile\":60}'><\/div>[\/vc_column][vc_column width=\u00a0\u00bb1\/3&Prime; fade_animation_offset=\u00a0\u00bb45px\u00a0\u00bb][vc_column_text]<\/p>\n<blockquote><p><img loading=\"lazy\" decoding=\"async\" class=\"size-medium wp-image-3195 aligncenter\" src=\"https:\/\/assurance-km.be\/wp-content\/uploads\/2021\/02\/corona-direct-yuzzu-300x296.png\" alt=\"corona direct yuzzu\" width=\"300\" height=\"296\" srcset=\"https:\/\/assurance-km.be\/wp-content\/uploads\/2021\/02\/corona-direct-yuzzu-300x296.png 300w, https:\/\/assurance-km.be\/wp-content\/uploads\/2021\/02\/corona-direct-yuzzu.png 415w\" sizes=\"(max-width: 300px) 100vw, 300px\" \/>Les simulations et souscriptions de contrats en ligne ont d\u00e9j\u00e0 s\u00e9duis plus de 200.000 belges cette ann\u00e9e.<\/p><\/blockquote>\n<p>&nbsp;<\/p>\n<p style=\"text-align: center;\">Les compagnies d&rsquo;assurance comme Corona direct &amp; Touring Assurances proposent des r\u00e9ductions allant jusqu&rsquo;\u00e0 -20% sur votre prime en souscrivant votre assurance en ligne.<\/p>\n<p>[\/vc_column_text][\/vc_column][\/vc_row][vc_row inner_container=\u00a0\u00bbtrue\u00a0\u00bb padding_top=\u00a0\u00bb0px\u00a0\u00bb padding_bottom=\u00a0\u00bb0px\u00a0\u00bb bg_video=\u00a0\u00bb\u00a0\u00bb class=\u00a0\u00bb\u00a0\u00bb style=\u00a0\u00bb\u00a0\u00bb][vc_column width=\u00a0\u00bb1\/2&Prime; fade_animation_offset=\u00a0\u00bb45px\u00a0\u00bb][vc_column_text]<\/p>\n<h4 class=\"vc_custom_heading\" style=\"text-align: center;\">Pourquoi choisir Corona Direct?<\/h4>\n<p>\u2705 La prime est calcul\u00e9 sur votre kilom\u00e9trage r\u00e9el.<br \/>\n\u2705 Assurance conducteur et protection juridique moins cher<br \/>\n\u2705 Le prix et les tarifs sont clair.<br \/>\n\u2705 Remboursement des km non parcourus (tr\u00e8s int\u00e9ressant).<br \/>\n\u2705 Franchise \u00e0 0\u20ac en cas de perte totale et nouvelle voiture.[\/vc_column_text][\/vc_column][vc_column width=\u00a0\u00bb1\/2&Prime; fade_animation_offset=\u00a0\u00bb45px\u00a0\u00bb][vc_column_text]<\/p>\n<h4 class=\"vc_custom_heading\" style=\"text-align: center;\">Pourquoi choisir Yuzzu ?<\/h4>\n<p>\u2705 Le prix en RC auto est tr\u00e8s bas<br \/>\n\u2705 Un large r\u00e9seau d\u2019agence en Belgique<br \/>\n\u2705 Possibilit\u00e9 de r\u00e9ductions si plusieurs contrat<br \/>\n\u2705 Les jeunes sont accept\u00e9s<br \/>\n\u2705 D\u00e9gressivit\u00e9 plus int\u00e9ressante que chez Corona<br \/>\n\u2705 plusieurs choix de franchise : 0 %, 2,5 %, 5 %, 7,5% et 10 %<br \/>\n\u2705 Prix de l\u2019omnium baisse jusqu\u2019\u00e0 5% par an[\/vc_column_text][\/vc_column][\/vc_row][vc_row][vc_column]<div class=\"deeper-spacer clearfix\" data-config='{\"desktop\":100,\"mobile\":60,\"smobile\":60}'><\/div>[vc_raw_html]JTVCbmluamFfdGFibGVzJTIwaWQlM0QlMjIxMDUzJTIyJTVE[\/vc_raw_html][\/vc_column][\/vc_row][vc_row inner_container=\u00a0\u00bbtrue\u00a0\u00bb padding_top=\u00a0\u00bb0px\u00a0\u00bb padding_bottom=\u00a0\u00bb0px\u00a0\u00bb bg_video=\u00a0\u00bb\u00a0\u00bb class=\u00a0\u00bb\u00a0\u00bb style=\u00a0\u00bb\u00a0\u00bb][vc_column fade_animation_offset=\u00a0\u00bb45px\u00a0\u00bb]<div class=\"deeper-spacer clearfix\" data-config='{\"desktop\":100,\"mobile\":60,\"smobile\":60}'><\/div>[vc_column_text]<\/p>\n<blockquote><p><strong>\ud83d\udca1 Comment faire le bon choix?<\/strong><\/p>\n<p>Le plus simple est de faire une simulation en ligne (gratuite et sans engagement) afin d&rsquo;obtenir un devis des deux assureurs. En fonction des deux devis, vous pourrez mieux comparer les deux offres et surtout leurs prix.<\/p>\n<p>Sachez \u00e9galement qu&rsquo;une simulation n&rsquo;engage en rien, elle vous permet d&rsquo;entrer toutes vos donn\u00e9es : \u00e2ge, permis, ant\u00e9c\u00e9dents d&rsquo;accident, nombre de kilom\u00e8tre parcouru\/an, ect&#8230;<\/p><\/blockquote>\n<p>[\/vc_column_text][\/vc_column][\/vc_row][vc_row inner_container=\u00a0\u00bbtrue\u00a0\u00bb padding_top=\u00a0\u00bb0px\u00a0\u00bb padding_bottom=\u00a0\u00bb0px\u00a0\u00bb bg_video=\u00a0\u00bb\u00a0\u00bb class=\u00a0\u00bb\u00a0\u00bb style=\u00a0\u00bb\u00a0\u00bb][vc_column fade_animation_offset=\u00a0\u00bb45px\u00a0\u00bb][vc_column_text]<\/p>\n<h3>Saviez-vous que :<\/h3>\n<p>Une assurance auto au kilom\u00e8tre est tr\u00e8s int\u00e9ressante pour les personnes qui roulent peu. En choisissant ce type de formule, les conducteurs peuvent \u00e9conomiser jusqu\u2019\u00e0 <strong>50%<\/strong> de leur primes d&rsquo;assurance auto normal.<\/p>\n<p>De plus, le mouvement de cette formule a \u00e9t\u00e9 suivi par plusieurs compagnies d\u2019assurances apr\u00e8s le lancement par Corona Direct il y a quelques ann\u00e9es. Ethias, Axa, CBC et P&amp;V proposent \u00e9galement ce type de contrat. Ensuite, les assurances ont bien analys\u00e9 leurs client\u00e8les et leurs cibles potentielles et en ont d\u00e9duit que la plupart poss\u00e9daient une voiture de soci\u00e9t\u00e9 et utilisaient donc peu leurs voitures personnelles. Ensuite est apparu d&rsquo;autres formules qui combine avec l&rsquo;utilisation d&rsquo;un v\u00e9lo, d&rsquo;une moto ou encore des transports en commun. Faites vite vitre demande d&rsquo;<strong>assurance auto en ligne.<\/strong>[\/vc_column_text][\/vc_column][\/vc_row][vc_row inner_container=\u00a0\u00bbtrue\u00a0\u00bb padding_top=\u00a0\u00bb0px\u00a0\u00bb padding_bottom=\u00a0\u00bb0px\u00a0\u00bb bg_video=\u00a0\u00bb\u00a0\u00bb class=\u00a0\u00bb\u00a0\u00bb style=\u00a0\u00bb\u00a0\u00bb][vc_column fade_animation_offset=\u00a0\u00bb45px\u00a0\u00bb][vc_column_text]Nous conseillons afin d&rsquo;avoir un comparatif clair et pr\u00e9cis de faire <strong>une simulation chez les deux assureurs<\/strong>. Car bien \u00e9videmment, en fonction de votre v\u00e9hicule, il se peut que les offres varient et change rapidement. Nous conseillons donc de prendre le temps de faire <strong>deux simulations<\/strong> : une chez <a href=\"https:\/\/assurance-km.be\/assurance-auto-coronadirect\">corona direct<\/a> et une chez <a href=\"https:\/\/assurance-km.be\/simulation\/assurance-yuzzu\/\">Yuzzu\u00a0<\/a>[\/vc_column_text][\/vc_column][\/vc_row][vc_row inner_container=\u00a0\u00bbtrue\u00a0\u00bb padding_top=\u00a0\u00bb0px\u00a0\u00bb padding_bottom=\u00a0\u00bb0px\u00a0\u00bb bg_video=\u00a0\u00bb\u00a0\u00bb class=\u00a0\u00bb\u00a0\u00bb style=\u00a0\u00bb\u00a0\u00bb][vc_column width=\u00a0\u00bb1\/2&Prime; fade_animation_offset=\u00a0\u00bb45px\u00a0\u00bb]<div class=\"deeper-spacer clearfix\" data-config='{\"desktop\":100,\"mobile\":60,\"smobile\":60}'><\/div>[vc_column_text]<\/p>\n<h3>\u00a0Assurance auto au kilom\u00e8tre\u00a0: Au forfait.<\/h3>\n<p>L\u2019assurance auto au kilom\u00e8tre au forfait? c&rsquo;est simple.. :\u00a0<strong>c\u2019est l\u2019assurance au forfait kilom\u00e9trique.<\/strong><\/p>\n<p>Lorsque vous vous d\u00e9cidez a souscrire une assurance au forfait kilom\u00e8tre, votre compagnie d&rsquo;assurance et vous d\u00e9cidez ensemble du nombre de kilom\u00e8tres \u00e0 ne pas d\u00e9passer sur un an. Vous devez donc respecter le nombre de kilom\u00e8tre \u00e9tablit dans le forfait. Ce nombre de kilom\u00e8tre sera v\u00e9rifi\u00e9 chaque ann\u00e9e par simple email, lettre, coup de t\u00e9l\u00e9phone \u00e0 votre assureur. Attention, frauder et ne pas donner le bon nombre de kilom\u00e8tre pourrait se retourner contre vous en cas d&rsquo;accident de la route.<\/p>\n<p>En cas de \u00ab\u00a0surplus\u00a0\u00bb (kilom\u00e8tres suppl\u00e9mentaires parcourus), ces derniers seront major\u00e9s. Les p\u00e9nalit\u00e9s peuvent \u00eatre plus ou moins \u00e9lev\u00e9es selon les compagnies et les diverses clauses de contrats.[\/vc_column_text][\/vc_column][vc_column width=\u00a0\u00bb1\/2&Prime; fade_animation_offset=\u00a0\u00bb45px\u00a0\u00bb]<div class=\"deeper-spacer clearfix\" data-config='{\"desktop\":100,\"mobile\":60,\"smobile\":60}'><\/div>[vc_column_text]<\/p>\n<h4><strong>L\u2019assurance au kilom\u00e8tre peut parfaitement convenir\u00a0:<\/strong><\/h4>\n<p><img loading=\"lazy\" decoding=\"async\" class=\"alignnone size-full wp-image-448\" src=\"https:\/\/assurance-km.be\/wp-content\/uploads\/2017\/12\/km.gif\" alt=\"\" width=\"8\" height=\"11\" \/>\u00a0Aux personnes r\u00e9sidant au centre ville.<br \/>\n<img loading=\"lazy\" decoding=\"async\" class=\"alignnone size-full wp-image-448\" src=\"https:\/\/assurance-km.be\/wp-content\/uploads\/2017\/12\/km.gif\" alt=\"\" width=\"8\" height=\"11\" \/>\u00a0Aux propri\u00e9taire de plusieurs v\u00e9hicules.<br \/>\n<img loading=\"lazy\" decoding=\"async\" class=\"alignnone size-full wp-image-448\" src=\"https:\/\/assurance-km.be\/wp-content\/uploads\/2017\/12\/km.gif\" alt=\"\" width=\"8\" height=\"11\" \/>\u00a0Aux adeptes des transports en commun ou du covoiturage.<br \/>\n<img loading=\"lazy\" decoding=\"async\" class=\"alignnone size-full wp-image-448\" src=\"https:\/\/assurance-km.be\/wp-content\/uploads\/2017\/12\/km.gif\" alt=\"\" width=\"8\" height=\"11\" \/>\u00a0A ceux qui n\u2019aiment pas conduire.<br \/>\n<img loading=\"lazy\" decoding=\"async\" class=\"alignnone size-full wp-image-448\" src=\"https:\/\/assurance-km.be\/wp-content\/uploads\/2017\/12\/km.gif\" alt=\"\" width=\"8\" height=\"11\" \/> Au personnes \u00e2g\u00e9es qui utilisent la voiture rarement.<\/p>\n<h3>Assurance auto au kilom\u00e8tre\u00a0: Nombre de km parcourus.<\/h3>\n<p>L&rsquo;autre formule est l&rsquo;assurance auto kilom\u00e8tre en fonction des kilom\u00e8tres r\u00e9ellement parcouru. Vous payez ce que vous roulez vraiment sans surplus. Le contrat est simple, vous devez simplement communiqu\u00e9 chaque ann\u00e9e le nombre de kilom\u00e8tre \u00e0 votre compteur. De la sorte, la compagnie d&rsquo;assurance peut savoir combien de kilom\u00e8tre vous avez parcouru et calculer votre prime en fonction de ceux-ci.[\/vc_column_text][\/vc_column][\/vc_row][vc_row inner_container=\u00a0\u00bbtrue\u00a0\u00bb padding_top=\u00a0\u00bb0px\u00a0\u00bb padding_bottom=\u00a0\u00bb0px\u00a0\u00bb bg_video=\u00a0\u00bb\u00a0\u00bb class=\u00a0\u00bb\u00a0\u00bb style=\u00a0\u00bb\u00a0\u00bb][vc_column width=\u00a0\u00bb1\/2&Prime; fade_animation_offset=\u00a0\u00bb45px\u00a0\u00bb][vc_column_text]<\/p>\n<h3>En cas de d\u00e9passement des kilom\u00e8tres.<\/h3>\n<p>Les kilom\u00e8tres suppl\u00e9mentaires sont major\u00e9s. Cela veut dire que si vous d\u00e9passez le nombre de kilom\u00e8tres pr\u00e9vu au d\u00e9part. L\u2019assur\u00e9 devra payer un suppl\u00e9ment. Il est par contre possible d&rsquo;anticiper en pr\u00e9venant son assureur du d\u00e9passement en changeant de forfait.<\/p>\n<p>Si, \u00e0 l\u2019inverse, l\u2019assur\u00e9 a roul\u00e9 moins que pr\u00e9vu, les kilom\u00e8tres non parcourus peuvent \u00eatre rembours\u00e9s selon les clauses pr\u00e9vues par la compagnie d\u2019assurance.<\/p>\n<p><strong>Nous conseillons de ne jamais effectuer de fausse d\u00e9claration \u00e0 votre compagnie d\u2019assurance car en cas de sinistre, celle-ci peut se retourner contre vous.\u00a0<\/strong><\/p>\n<p>[\/vc_column_text][\/vc_column][vc_column width=\u00a0\u00bb1\/2&Prime; fade_animation_offset=\u00a0\u00bb45px\u00a0\u00bb][vc_column_text]<img loading=\"lazy\" decoding=\"async\" class=\"aligncenter wp-image-445\" title=\"assurance auto en ligne belgique\" src=\"https:\/\/assurance-km.be\/wp-content\/uploads\/2017\/12\/assurance-voiture-belgique-300x300.png\" alt=\"assurance auto en ligne belgique\" width=\"253\" height=\"253\" \/>[\/vc_column_text][\/vc_column][\/vc_row][vc_row inner_container=\u00a0\u00bbtrue\u00a0\u00bb padding_top=\u00a0\u00bb0px\u00a0\u00bb padding_bottom=\u00a0\u00bb0px\u00a0\u00bb bg_video=\u00a0\u00bb\u00a0\u00bb class=\u00a0\u00bb\u00a0\u00bb style=\u00a0\u00bb\u00a0\u00bb][vc_column fade_animation_offset=\u00a0\u00bb45px\u00a0\u00bb]<div class=\"deeper-spacer clearfix\" data-config='{\"desktop\":100,\"mobile\":60,\"smobile\":60}'><\/div>[vc_column_text]<\/p>\n<h3>Conditions d&rsquo;octroi pour ce type d&rsquo;assurance.<\/h3>\n<p>Certaines compagnies d&rsquo;assurance offre l&rsquo;acc\u00e8s \u00e0 l&rsquo;assurance au kilom\u00e8tre mais sous certaines conditions. Chez Corona Direct par exemple, il n&rsquo;y a aucune condition pour souscrire une assurance de ce type.\u00a0 Chez Ethias, il vous faudra avoir un Bonus-Malus \u00e9gal \u00e0 2. Chez\u00a0 Yuzzu, il vous faudra avoir le permis depuis un minimum de 5 ans.[\/vc_column_text][\/vc_column][\/vc_row]<\/p>\n","protected":false},"excerpt":{"rendered":"<p>[vc_row inner_container=\u00a0\u00bbtrue\u00a0\u00bb padding_top=\u00a0\u00bb0px\u00a0\u00bb padding_bottom=\u00a0\u00bb25px\u00a0\u00bb bg_video=\u00a0\u00bb\u00a0\u00bb class=\u00a0\u00bb\u00a0\u00bb style=\u00a0\u00bb\u00a0\u00bb][vc_column fade_animation_offset=\u00a0\u00bb45px\u00a0\u00bb][vc_column_text] Corona Direct ou Yuzzu\u00a0 \ud83c\udde7\ud83c\uddea Une question qui revient souvent, que choisir entre Corona Direct et Yuzzu pour une assurance auto en Belgique?. Les deux assureurs ont de tr\u00e8s bonne r\u00e9putations aupr\u00e8s des belge. Toutefois, il peut sembler qu&rsquo;il y ai certaines<\/p>\n","protected":false},"author":1,"featured_media":979,"parent":0,"menu_order":0,"comment_status":"closed","ping_status":"closed","template":"","meta":{"footnotes":""},"class_list":["post-978","page","type-page","status-publish","has-post-thumbnail","hentry"],"aioseo_notices":[],"_links":{"self":[{"href":"https:\/\/assurance-km.be\/index.php?rest_route=\/wp\/v2\/pages\/978"}],"collection":[{"href":"https:\/\/assurance-km.be\/index.php?rest_route=\/wp\/v2\/pages"}],"about":[{"href":"https:\/\/assurance-km.be\/index.php?rest_route=\/wp\/v2\/types\/page"}],"author":[{"embeddable":true,"href":"https:\/\/assurance-km.be\/index.php?rest_route=\/wp\/v2\/users\/1"}],"replies":[{"embeddable":true,"href":"https:\/\/assurance-km.be\/index.php?rest_route=%2Fwp%2Fv2%2Fcomments&post=978"}],"version-history":[{"count":29,"href":"https:\/\/assurance-km.be\/index.php?rest_route=\/wp\/v2\/pages\/978\/revisions"}],"predecessor-version":[{"id":3199,"href":"https:\/\/assurance-km.be\/index.php?rest_route=\/wp\/v2\/pages\/978\/revisions\/3199"}],"wp:featuredmedia":[{"embeddable":true,"href":"https:\/\/assurance-km.be\/index.php?rest_route=\/wp\/v2\/media\/979"}],"wp:attachment":[{"href":"https:\/\/assurance-km.be\/index.php?rest_route=%2Fwp%2Fv2%2Fmedia&parent=978"}],"curies":[{"name":"wp","href":"https:\/\/api.w.org\/{rel}","templated":true}]}}